{"id":81,"date":"2024-07-02T15:56:20","date_gmt":"2024-07-02T13:56:20","guid":{"rendered":"https:\/\/lenapoleon-nice.fr\/?page_id=81"},"modified":"2024-08-13T16:26:58","modified_gmt":"2024-08-13T14:26:58","slug":"le-vin-et-les-vignerons","status":"publish","type":"page","link":"https:\/\/lenapoleon-nice.fr\/index.php\/le-vin-et-les-vignerons\/","title":{"rendered":"Le vin et les vignerons"},"content":{"rendered":"\n<p>Nous vous proposons 110 r\u00e9f\u00e9rences des vins de vignerons, produits dans le respect de la nature.<\/p>\n\n\n\n<div class=\"wp-block-buttons is-layout-flex wp-block-buttons-is-layout-flex\">\n<div class=\"wp-block-button\"><a class=\"wp-block-button__link wp-element-button\" href=\"https:\/\/lenapoleon-nice.fr\/wp-content\/uploads\/2024\/07\/2024.06.27-BOISSONS-GRANDE-CARTE.pdf\">Consulter la carte de vins et boissons<\/a><\/div>\n<\/div>\n\n\n\n<div style=\"height:46px\" aria-hidden=\"true\" class=\"wp-block-spacer\"><\/div>\n\n\n\n<p class=\"has-text-align-center\"><strong>PORTRAITS DES QUELQUES-UNS DES VIGNERONS QUE NOUS CH\u00c9RISSONS\u2026 CAR ILS SONT NOMBREUX<\/strong><\/p>\n\n\n\n<div style=\"height:38px\" aria-hidden=\"true\" class=\"wp-block-spacer\"><\/div>\n\n\n\n<p class=\"has-text-align-center\"><strong><a href=\"https:\/\/www.chateau-le-puy.com\/\" data-type=\"link\" data-id=\"https:\/\/www.chateau-le-puy.com\/\">LA FAMILLE AMOREAU \u2013 CH\u00c2TEAU LE PUY<\/a><\/strong><\/p>\n\n\n\n<p class=\"has-text-align-center\">La famille Amoreau, ce sont 15 g\u00e9n\u00e9rations de vignerons depuis 1610.<\/p>\n\n\n\n<p class=\"has-text-align-center\">L\u2019histoire le Puy court sur plus de 400 ans d\u2019un savoir-faire patiemment acquis et transmis d\u2019une g\u00e9n\u00e9ration \u00e0 l\u2019autre. Sans artifice de synth\u00e8se, ils s\u2019efforcent de faire na\u00eetre des vins qui sont l\u2019expression la plus pure de leurs sols et des raisins qui y poussent, pour le bonheur de tous. Aussi loin que remontent les souvenirs et archives familiales, la vie \u00e0 le Puy s\u2019est organis\u00e9e autour de la diversification, avec la culture de la vigne comme pivot central. Leurs anc\u00eatres vivaient en effet en quasi-autarcie dans cet endroit retir\u00e9 de Gironde. Ils ont, sans le savoir, particip\u00e9 \u00e0 la mise en place d\u2019un \u00e9quilibre permanent autour d\u2019interactions b\u00e9n\u00e9fiques entre les esp\u00e8ces&nbsp;: animaux (insectes, hommes, chevaux\u2026) et v\u00e9g\u00e9taux (plantes, vignes, for\u00eats\u2026) y cohabitent en effet de mani\u00e8re symbiotique. C\u2019est ainsi que la moiti\u00e9 de leurs terres est constitu\u00e9e de for\u00eats, de prairies ou d\u2019un \u00e9tang.<\/p>\n\n\n\n<p class=\"has-text-align-center\">Leur travail, r\u00e9alis\u00e9 en osmose avec l\u2019environnement, s\u2019accompagne d\u2019une sensibilit\u00e9 environnementale pr\u00e9coce et engag\u00e9e. Apr\u00e8s la Seconde guerre mondiale, le p\u00e8re de Jean Pierre, Pierre-Robert Amoreau, a ainsi fait partie des premiers adh\u00e9rents de l\u2019association \u00ab&nbsp;Nature &amp; Progr\u00e8s&nbsp;\u00bb. Cette association compos\u00e9e d\u2019agriculteurs et d\u2019artisans, fond\u00e9e en 1964, est pr\u00e9curseur de l\u2019agrobiologie et de la biodynamie en France.<\/p>\n\n\n\n<figure class=\"wp-block-image size-full\"><img fetchpriority=\"high\" decoding=\"async\" width=\"521\" height=\"315\" src=\"https:\/\/lenapoleon-nice.fr\/wp-content\/uploads\/2024\/07\/Chateau-le-puy.jpg\" alt=\"\" class=\"wp-image-92\" srcset=\"https:\/\/lenapoleon-nice.fr\/wp-content\/uploads\/2024\/07\/Chateau-le-puy.jpg 521w, https:\/\/lenapoleon-nice.fr\/wp-content\/uploads\/2024\/07\/Chateau-le-puy-300x181.jpg 300w\" sizes=\"(max-width: 521px) 100vw, 521px\" \/><\/figure>\n\n\n\n<div style=\"height:38px\" aria-hidden=\"true\" class=\"wp-block-spacer\"><\/div>\n\n\n\n<p class=\"has-text-align-center\"><strong><a href=\"https:\/\/domainebreton.net\/\" data-type=\"link\" data-id=\"https:\/\/domainebreton.net\/\">CATHERINE &amp; PIERRE BRETON<\/a><\/strong><\/p>\n\n\n\n<p class=\"has-text-align-center\">Berc\u00e9s par la Loire depuis 5 g\u00e9n\u00e9rations, ils cultivent&nbsp;deux mono-c\u00e9pages lig\u00e9riens, le chenin et le cabernet franc.<\/p>\n\n\n\n<p class=\"has-text-align-center\">Ils ont choisi de vinifier de vins que nous d\u00e9finissons comme \u00ab naturels \u00bb.<\/p>\n\n\n\n<p class=\"has-text-align-center\">Le vin naturel est un vin 100% pur raisin, vinifi\u00e9 avec les levures indig\u00e8nes (se trouvant naturellement sur la peau du raisin, \u00e0 l\u2019oppos\u00e9 des levures exog\u00e8nes issues de la chimie de synth\u00e8se), sans additifs chimiques et en limitant l\u2019ajout de souffre au strict minimum pour continuer son \u00e9volution en bouteille.<\/p>\n\n\n\n<p class=\"has-text-align-center\">Il est la v\u00e9ritable expression d\u2019un terroir, aux ar\u00f4mes subtils et non reproductibles.<br>Il est vivant, gourmand, unique.<br>Il est le reflet de son vinificateur et de son terroir.<\/p>\n\n\n\n<p class=\"has-text-align-center\">Il s\u2019oppose aux vins dits technologiques, standardis\u00e9s et reproductibles partout dans le monde viticole.<\/p>\n\n\n\n<figure class=\"wp-block-image size-full\"><img decoding=\"async\" width=\"800\" height=\"425\" src=\"https:\/\/lenapoleon-nice.fr\/wp-content\/uploads\/2024\/07\/catherine-pierre-breton.jpg\" alt=\"\" class=\"wp-image-93\" srcset=\"https:\/\/lenapoleon-nice.fr\/wp-content\/uploads\/2024\/07\/catherine-pierre-breton.jpg 800w, https:\/\/lenapoleon-nice.fr\/wp-content\/uploads\/2024\/07\/catherine-pierre-breton-300x159.jpg 300w, https:\/\/lenapoleon-nice.fr\/wp-content\/uploads\/2024\/07\/catherine-pierre-breton-768x408.jpg 768w, https:\/\/lenapoleon-nice.fr\/wp-content\/uploads\/2024\/07\/catherine-pierre-breton-600x319.jpg 600w\" sizes=\"(max-width: 800px) 100vw, 800px\" \/><\/figure>\n\n\n\n<div style=\"height:35px\" aria-hidden=\"true\" class=\"wp-block-spacer\"><\/div>\n\n\n\n<p class=\"has-text-align-center\"><a href=\"https:\/\/saintemariedescrozes.com\/\" data-type=\"link\" data-id=\"https:\/\/saintemariedescrozes.com\/\"><strong>LA FAMILLE ALIAS<\/strong>\u00a0\u2013 DOMAINE SAINTE MARIE DES CROZES<\/a><\/p>\n\n\n\n<p class=\"has-text-align-center\">Dans la&nbsp;famille Alias, \u00eatre vigneron se transmet de&nbsp;g\u00e9n\u00e9ration en g\u00e9n\u00e9ration. C\u2019est ainsi que Jean, Hector et Herv\u00e9,&nbsp;fils de la terre, se sont consacr\u00e9s \u00e0 la vigne par habitude et par h\u00e9ritage comme le faisait l\u2019ensemble des languedociens, tout en vivant d\u2019une autre activit\u00e9.<\/p>\n\n\n\n<p class=\"has-text-align-center\">En 1997,&nbsp;Bernard Alias, l\u2019actuel propri\u00e9taire, a h\u00e9rit\u00e9 \u00e0 son tour de la propri\u00e9t\u00e9 de&nbsp;Douzens. Dans un contexte \u00e9conomique de crise viticole, le challenge \u00e0 relever fut pour lui le d\u00e9tonateur de sa d\u00e9termination \u00e0 se hisser au rang des meilleurs de son appellation et \u00e0 se montrer digne de cette terre h\u00e9rit\u00e9e en terroir d\u2019Alaric.<\/p>\n\n\n\n<p class=\"has-text-align-center\">Au domaine Sainte Marie des Crozes, \u00e0 Douzens en Languedoc, ils croyent en une \u00e9nergie d\u00e9ploy\u00e9e dans le respect de leur terre, de leur environnement, par une&nbsp;Agriculture Biologique&nbsp;et la ma\u00eetrise des produits ajout\u00e9s. Ils travaillent dans un esprit cr\u00e9atif pour innover et aller toujours plus loin dans la recherche, l\u2019amour du m\u00e9tier transmis dans un&nbsp;vin inspir\u00e9 \u00e9l\u00e9gant&nbsp;et&nbsp;convivial. A chaque \u00e9tape ils sont guid\u00e9s par le plaisir de partager leur passion avec g\u00e9n\u00e9rosit\u00e9 et simplicit\u00e9.<\/p>\n\n\n\n<figure class=\"wp-block-image size-large\"><img decoding=\"async\" width=\"1024\" height=\"683\" src=\"https:\/\/lenapoleon-nice.fr\/wp-content\/uploads\/2024\/07\/bernard-et-christelle-alias-1024x683.jpg\" alt=\"\" class=\"wp-image-94\" srcset=\"https:\/\/lenapoleon-nice.fr\/wp-content\/uploads\/2024\/07\/bernard-et-christelle-alias-1024x683.jpg 1024w, https:\/\/lenapoleon-nice.fr\/wp-content\/uploads\/2024\/07\/bernard-et-christelle-alias-300x200.jpg 300w, https:\/\/lenapoleon-nice.fr\/wp-content\/uploads\/2024\/07\/bernard-et-christelle-alias-768x512.jpg 768w, https:\/\/lenapoleon-nice.fr\/wp-content\/uploads\/2024\/07\/bernard-et-christelle-alias-1536x1024.jpg 1536w, https:\/\/lenapoleon-nice.fr\/wp-content\/uploads\/2024\/07\/bernard-et-christelle-alias-1568x1045.jpg 1568w, https:\/\/lenapoleon-nice.fr\/wp-content\/uploads\/2024\/07\/bernard-et-christelle-alias-600x400.jpg 600w, https:\/\/lenapoleon-nice.fr\/wp-content\/uploads\/2024\/07\/bernard-et-christelle-alias.jpg 1620w\" sizes=\"(max-width: 1024px) 100vw, 1024px\" \/><\/figure>\n\n\n\n<div style=\"height:45px\" aria-hidden=\"true\" class=\"wp-block-spacer\"><\/div>\n\n\n\n<p class=\"has-text-align-center\"><a href=\"https:\/\/www.ray-jane.fr\/\" data-type=\"link\" data-id=\"https:\/\/www.ray-jane.fr\/\"><strong>ALAIN ET ANNE CONSTANT<\/strong>\u2013 DOMAINE RAY-JANE<\/a><\/p>\n\n\n\n<p class=\"has-text-align-center\">Le Domaine Ray-Jane illustre l\u2019\u0153uvre de g\u00e9n\u00e9rations de vignerons depuis 1288, anim\u00e9s par une m\u00eame passion, l\u2019amour de la vigne et du vin.<\/p>\n\n\n\n<p class=\"has-text-align-center\">Ainsi, depuis le Moyen-Age, le nom de CONSTANT transmet ce savoir-faire ancestral gr\u00e2ce \u00e0 ce vignoble situ\u00e9 en plein c\u0153ur de&nbsp;<a href=\"https:\/\/www.ray-jane.fr\/appellation-bandol\">l\u2019Appellation Bandol<\/a>.<\/p>\n\n\n\n<p class=\"has-text-align-center\">Leur vignoble fa\u00e7onn\u00e9 au fil du temps est compos\u00e9 de plus d\u2019un tiers de vignes centenaires sur une trentaine d\u2019hectares de terrain argilo-calcaire \u00e9tag\u00e9s en restanques de pierres s\u00e8ches, constitu\u00e9 essentiellement du c\u00e9page roi de L\u2019Appellation Bandol, le Mourv\u00e8dre. Il s\u2019\u00e9tend sur les communes du Castellet, la Cadi\u00e8re, Bandol, Sanary-sur-mer et le&nbsp;Beausset.<\/p>\n\n\n\n<p class=\"has-text-align-center\">Leurs vignes ont toujours \u00e9t\u00e9 travaill\u00e9es sans usage de produit chimique, sans d\u00e9sherbant, sans insecticide et sans syst\u00e9mique, dans le plus pur respect de la tradition et de la nature, comme le faisaient avant nous, nos&nbsp;anc\u00eatres.<\/p>\n\n\n\n<p class=\"has-text-align-center\">L\u2019engagement du Domaine RAY-JANE dans son mode de culture est&nbsp;<a href=\"https:\/\/www.ray-jane.fr\/certification-ab\">certifi\u00e9 par le label \u00ab&nbsp;Agriculture&nbsp;Biologique&nbsp;\u00bb par&nbsp;Ecocert<\/a>.<\/p>\n\n\n\n<figure class=\"wp-block-image size-large\"><img loading=\"lazy\" decoding=\"async\" width=\"1024\" height=\"315\" src=\"https:\/\/lenapoleon-nice.fr\/wp-content\/uploads\/2024\/07\/domaine-ray-jane-1024x315.jpg\" alt=\"\" class=\"wp-image-96\" srcset=\"https:\/\/lenapoleon-nice.fr\/wp-content\/uploads\/2024\/07\/domaine-ray-jane-1024x315.jpg 1024w, https:\/\/lenapoleon-nice.fr\/wp-content\/uploads\/2024\/07\/domaine-ray-jane-300x92.jpg 300w, https:\/\/lenapoleon-nice.fr\/wp-content\/uploads\/2024\/07\/domaine-ray-jane-768x236.jpg 768w, https:\/\/lenapoleon-nice.fr\/wp-content\/uploads\/2024\/07\/domaine-ray-jane-600x185.jpg 600w, https:\/\/lenapoleon-nice.fr\/wp-content\/uploads\/2024\/07\/domaine-ray-jane.jpg 1290w\" sizes=\"(max-width: 1024px) 100vw, 1024px\" \/><\/figure>\n\n\n\n<div style=\"height:50px\" aria-hidden=\"true\" class=\"wp-block-spacer\"><\/div>\n\n\n\n<p class=\"has-text-align-center\"><strong><a href=\"https:\/\/www.domaine-jousset.fr\/\" data-type=\"link\" data-id=\"https:\/\/www.domaine-jousset.fr\/\">LISE &amp; BERTRAND JOUSSET<\/a><\/strong><\/p>\n\n\n\n<p class=\"has-text-align-center\">Lise et Bertrand Jousset ont cr\u00e9\u00e9 le domaine Lise et Bertrand Jousset \u00e0 l\u2019aube du mill\u00e9sime 2004, un projet m\u00fbrement r\u00e9fl\u00e9chi et une envie partag\u00e9e. Leur philosophie est la m\u00eame depuis l\u2019origine : comme canon ou compagnon de table, le vin est fait pour \u00eatre bu et partag\u00e9; apr\u00e8s, \u00e0 eux de faire des vins pour chaque moment. Leur domaine fait 11 ha en appellation Montlouis sur Loire et Touraine. Ils y travaillent le Chenin (sur 9ha), le Chardonnay (sur 1ha), le Gamay et le Grolleau (tous deux sur 1ha). Leurs 27 parcelles sont situ\u00e9es principalement sur Husseau et un peu sur St Martin le Beau et Lussault. Elles ont entre 5&nbsp;et 100 ans, pour les vieilles vignes. Chez eux c\u2019est bio depuis le d\u00e9but et c\u2019est pas pr\u00e8s de changer. Respecter la nature qui nous fait vivre leur para\u00eet juste fondamental ! Mais au-del\u00e0 de cet aspect \u00abphilosophique\u00bb, il y a aussi des convictions de vignerons.<\/p>\n\n\n\n<figure class=\"wp-block-image size-full\"><img loading=\"lazy\" decoding=\"async\" width=\"600\" height=\"410\" src=\"https:\/\/lenapoleon-nice.fr\/wp-content\/uploads\/2024\/07\/lise-bertrand-jousset.jpg\" alt=\"\" class=\"wp-image-97\" srcset=\"https:\/\/lenapoleon-nice.fr\/wp-content\/uploads\/2024\/07\/lise-bertrand-jousset.jpg 600w, https:\/\/lenapoleon-nice.fr\/wp-content\/uploads\/2024\/07\/lise-bertrand-jousset-300x205.jpg 300w\" sizes=\"(max-width: 600px) 100vw, 600px\" \/><\/figure>\n\n\n\n<div style=\"height:42px\" aria-hidden=\"true\" class=\"wp-block-spacer\"><\/div>\n\n\n\n<p class=\"has-text-align-center\"><strong>THOMAS AYOUN ET MARIE-SOPHIE JULLIEN<\/strong>\u00a0\u2013 <a href=\"https:\/\/www.facebook.com\/COMBEAUMAS\/\" data-type=\"link\" data-id=\"https:\/\/www.facebook.com\/COMBEAUMAS\/\">DOMAINE DE LA COMBE AU MAS<\/a><\/p>\n\n\n\n<p class=\"has-text-align-center\">La Combe au Mas est un domaine viticole situ\u00e9 au pied du Mont Ventoux. Il a \u00e9t\u00e9 cr\u00e9\u00e9 en 2019 par Thomas Ayoun et Marie-Sophie Jullien, de bons vivants engag\u00e9s.<\/p>\n\n\n\n<p class=\"has-text-align-center\">Le vignoble se compose de 10 hectares de vignes qui s\u2019int\u00e8gre dans une d\u00e9marche de polyculture, essence m\u00eame de la Combe au Mas. Ils travaillent leur exploitation selon les principes de l\u2019agriculture biologique, dans le respect des sols et de la biodiversit\u00e9.<\/p>\n\n\n\n<p class=\"has-text-align-center\">Pour produire des vins identitaires, repr\u00e9sentatifs de leur terroir, et de leur mill\u00e9sime, Thomas Ayoun et Marie-Sophie Jullien interviennent tr\u00e8s peu sur leurs vignes. L\u2019observation de chaque parcelle permet d\u2019agir selon les besoins de la vigne, afin d\u2019en respecter l\u2019\u00e9quilibre. Il s\u2019agit entre autres de favoriser la biodiversit\u00e9 gr\u00e2ce \u00e0 un enherbement partiel ou total.<\/p>\n\n\n\n<p class=\"has-text-align-center\">Les vinifications se font de la fa\u00e7on la plus naturelle et possible, sans intrants et sans soufre. Les raisins fermentent avec leurs&nbsp;levures indig\u00e8nes&nbsp;et un simple contr\u00f4le des temp\u00e9ratures de fermentation, pour garder l\u2019int\u00e9grit\u00e9 de la nature des vins.<\/p>\n\n\n\n<figure class=\"wp-block-image size-full\"><img loading=\"lazy\" decoding=\"async\" width=\"916\" height=\"916\" src=\"https:\/\/lenapoleon-nice.fr\/wp-content\/uploads\/2024\/07\/Thomas-Ayoun-et-Marie-Sophie-Jullien.jpeg\" alt=\"\" class=\"wp-image-98\" srcset=\"https:\/\/lenapoleon-nice.fr\/wp-content\/uploads\/2024\/07\/Thomas-Ayoun-et-Marie-Sophie-Jullien.jpeg 916w, https:\/\/lenapoleon-nice.fr\/wp-content\/uploads\/2024\/07\/Thomas-Ayoun-et-Marie-Sophie-Jullien-300x300.jpeg 300w, https:\/\/lenapoleon-nice.fr\/wp-content\/uploads\/2024\/07\/Thomas-Ayoun-et-Marie-Sophie-Jullien-150x150.jpeg 150w, https:\/\/lenapoleon-nice.fr\/wp-content\/uploads\/2024\/07\/Thomas-Ayoun-et-Marie-Sophie-Jullien-768x768.jpeg 768w, https:\/\/lenapoleon-nice.fr\/wp-content\/uploads\/2024\/07\/Thomas-Ayoun-et-Marie-Sophie-Jullien-600x600.jpeg 600w\" sizes=\"(max-width: 916px) 100vw, 916px\" \/><\/figure>\n\n\n\n<div style=\"height:40px\" aria-hidden=\"true\" class=\"wp-block-spacer\"><\/div>\n\n\n\n<p><\/p>\n","protected":false},"excerpt":{"rendered":"<p>Nous vous proposons 110 r\u00e9f\u00e9rences des vins de vignerons, produits dans le respect de la nature. PORTRAITS DES QUELQUES-UNS DES VIGNERONS QUE NOUS CH\u00c9RISSONS\u2026 CAR ILS SONT NOMBREUX LA FAMILLE AMOREAU \u2013 CH\u00c2TEAU LE PUY La famille Amoreau, ce sont 15 g\u00e9n\u00e9rations de vignerons depuis 1610. L\u2019histoire le Puy court sur plus de 400 ans [&hellip;]<\/p>\n","protected":false},"author":1,"featured_media":0,"parent":0,"menu_order":0,"comment_status":"closed","ping_status":"closed","template":"","meta":{"footnotes":""},"class_list":["post-81","page","type-page","status-publish","hentry","entry"],"_links":{"self":[{"href":"https:\/\/lenapoleon-nice.fr\/index.php\/wp-json\/wp\/v2\/pages\/81","targetHints":{"allow":["GET"]}}],"collection":[{"href":"https:\/\/lenapoleon-nice.fr\/index.php\/wp-json\/wp\/v2\/pages"}],"about":[{"href":"https:\/\/lenapoleon-nice.fr\/index.php\/wp-json\/wp\/v2\/types\/page"}],"author":[{"embeddable":true,"href":"https:\/\/lenapoleon-nice.fr\/index.php\/wp-json\/wp\/v2\/users\/1"}],"replies":[{"embeddable":true,"href":"https:\/\/lenapoleon-nice.fr\/index.php\/wp-json\/wp\/v2\/comments?post=81"}],"version-history":[{"count":16,"href":"https:\/\/lenapoleon-nice.fr\/index.php\/wp-json\/wp\/v2\/pages\/81\/revisions"}],"predecessor-version":[{"id":156,"href":"https:\/\/lenapoleon-nice.fr\/index.php\/wp-json\/wp\/v2\/pages\/81\/revisions\/156"}],"wp:attachment":[{"href":"https:\/\/lenapoleon-nice.fr\/index.php\/wp-json\/wp\/v2\/media?parent=81"}],"curies":[{"name":"wp","href":"https:\/\/api.w.org\/{rel}","templated":true}]}}