{"id":29,"date":"2024-05-18T17:21:12","date_gmt":"2024-05-18T15:21:12","guid":{"rendered":"https:\/\/lenapoleon-nice.fr\/?page_id=29"},"modified":"2024-08-13T16:30:25","modified_gmt":"2024-08-13T14:30:25","slug":"accueil","status":"publish","type":"page","link":"https:\/\/lenapoleon-nice.fr\/index.php\/accueil\/","title":{"rendered":"Nos fournisseurs"},"content":{"rendered":"\n<p>Le savoir-faire, l\u2019excellence, le respect du produit et de la nature\u2026. c\u2019est par ici!<\/p>\n\n\n\n<div style=\"height:41px\" aria-hidden=\"true\" class=\"wp-block-spacer\"><\/div>\n\n\n\n<p><strong><a href=\"https:\/\/fr.wikipedia.org\/wiki\/Jean-Charles_Orso\" data-type=\"link\" data-id=\"https:\/\/fr.wikipedia.org\/wiki\/Jean-Charles_Orso\">JEAN-CHARLES ORSO<\/a><\/strong><\/p>\n\n\n\n<p>Mara\u00eecher Bio<\/p>\n\n\n\n<figure class=\"wp-block-image size-full is-resized\"><img fetchpriority=\"high\" decoding=\"async\" width=\"870\" height=\"489\" src=\"https:\/\/lenapoleon-nice.fr\/wp-content\/uploads\/2024\/07\/Jean-Charles-Orso.webp\" alt=\"\" class=\"wp-image-68\" style=\"width:479px;height:auto\" srcset=\"https:\/\/lenapoleon-nice.fr\/wp-content\/uploads\/2024\/07\/Jean-Charles-Orso.webp 870w, https:\/\/lenapoleon-nice.fr\/wp-content\/uploads\/2024\/07\/Jean-Charles-Orso-300x169.webp 300w, https:\/\/lenapoleon-nice.fr\/wp-content\/uploads\/2024\/07\/Jean-Charles-Orso-768x432.webp 768w, https:\/\/lenapoleon-nice.fr\/wp-content\/uploads\/2024\/07\/Jean-Charles-Orso-600x337.webp 600w\" sizes=\"(max-width: 870px) 100vw, 870px\" \/><\/figure>\n\n\n\n<p>De rugbyman international \u00e0 mara\u00eecher bio<\/p>\n\n\n\n<p>Dans une r\u00e9gion o\u00f9 les immeubles poussent comme des champignons, Jean-Charles Orso, lui, fait pousser des l\u00e9gumes. \u00c0 Cannes, sur le domaine familial qu\u2019il exploite depuis le d\u00e9but des ann\u00e9es 80. Avec attention et d\u00e9termination : il croit que la qualit\u00e9 doit primer sur la quantit\u00e9.<\/p>\n\n\n\n<p>L\u2019ancien deuxi\u00e8me ligne international, Jean-Charles Orso, est un enfant du mara\u00eechage. Il a repris la propri\u00e9t\u00e9 de ses parents d\u00e8s la fin de ses \u00e9tudes et en a fait un mod\u00e8le d\u2019agriculture.<\/p>\n\n\n\n<div style=\"height:32px\" aria-hidden=\"true\" class=\"wp-block-spacer\"><\/div>\n\n\n\n<p><strong><a href=\"https:\/\/www.louis-ospital.com\/\" data-type=\"link\" data-id=\"https:\/\/www.louis-ospital.com\/\">ERIC OSPITAL<\/a><\/strong><\/p>\n\n\n\n<p>Artisan charcutier<\/p>\n\n\n\n<p>\u201cUn cochon c\u2019est comme un \u00eatre humain, il doit manger de bonnes choses.\u201d<\/p>\n\n\n\n<figure class=\"wp-block-image size-full\"><img decoding=\"async\" width=\"411\" height=\"416\" src=\"https:\/\/lenapoleon-nice.fr\/wp-content\/uploads\/2024\/07\/eric-ospital.png\" alt=\"\" class=\"wp-image-70\" srcset=\"https:\/\/lenapoleon-nice.fr\/wp-content\/uploads\/2024\/07\/eric-ospital.png 411w, https:\/\/lenapoleon-nice.fr\/wp-content\/uploads\/2024\/07\/eric-ospital-296x300.png 296w, https:\/\/lenapoleon-nice.fr\/wp-content\/uploads\/2024\/07\/eric-ospital-300x304.png 300w\" sizes=\"(max-width: 411px) 100vw, 411px\" \/><\/figure>\n\n\n\n<p>En tant qu\u2019artisan soucieux du produit artisanal et traditionnel, Eric Ospital privil\u00e9gie la qualit\u00e9 des mati\u00e8res premi\u00e8res \u00e0 leur tarif. Il travaille exclusivement avec des producteurs et des artisans locaux, passionn\u00e9s par leurs produits tout comme lui, afin de s\u2019approcher le plus possible d\u2019un produit authentique, naturel et artisanal. Il reste convaincu que le savoir-faire artisanal, sans tromperie ni artifice, est un patrimoine \u00e0 pr\u00e9server.<\/p>\n\n\n\n<div style=\"height:43px\" aria-hidden=\"true\" class=\"wp-block-spacer\"><\/div>\n\n\n\n<p><strong><a href=\"https:\/\/www.instagram.com\/michel.fiori\/\" data-type=\"link\" data-id=\"https:\/\/www.instagram.com\/michel.fiori\/\">MICHEL FIORI<\/a><\/strong><\/p>\n\n\n\n<p>Artisan Boulanger<\/p>\n\n\n\n<figure class=\"wp-block-image size-large is-resized\"><img decoding=\"async\" width=\"1024\" height=\"683\" src=\"https:\/\/lenapoleon-nice.fr\/wp-content\/uploads\/2024\/07\/michel-fiori-boulanger-1024x683.jpg\" alt=\"\" class=\"wp-image-73\" style=\"width:464px;height:auto\" srcset=\"https:\/\/lenapoleon-nice.fr\/wp-content\/uploads\/2024\/07\/michel-fiori-boulanger-1024x683.jpg 1024w, https:\/\/lenapoleon-nice.fr\/wp-content\/uploads\/2024\/07\/michel-fiori-boulanger-300x200.jpg 300w, https:\/\/lenapoleon-nice.fr\/wp-content\/uploads\/2024\/07\/michel-fiori-boulanger-768x512.jpg 768w, https:\/\/lenapoleon-nice.fr\/wp-content\/uploads\/2024\/07\/michel-fiori-boulanger-600x400.jpg 600w, https:\/\/lenapoleon-nice.fr\/wp-content\/uploads\/2024\/07\/michel-fiori-boulanger.jpg 1440w\" sizes=\"(max-width: 1024px) 100vw, 1024px\" \/><\/figure>\n\n\n\n<p>Participant \u00e0 \u201cl<a href=\"https:\/\/www.6play.fr\/la-meilleure-boulangerie-de-france-p_2944\" target=\"_blank\" rel=\"noreferrer noopener\">a meilleure boulangerie de France<\/a>\u201d et meilleur croissant des Alpes-Maritimes en 2020, Michel Friori est un vrai artisan boulanger passionn\u00e9, qui nous r\u00e9gale avec son pain \u00e0 la farine de qualit\u00e9 sup\u00e9rieure.<\/p>\n\n\n\n<div style=\"height:40px\" aria-hidden=\"true\" class=\"wp-block-spacer\"><\/div>\n\n\n\n<p><strong><a href=\"https:\/\/www.brasserieberroise.com\/\" data-type=\"link\" data-id=\"https:\/\/www.brasserieberroise.com\/\">ESTELLE ET LAURENT \u2013 LA BRASSERIE BERROISE<\/a><\/strong><\/p>\n\n\n\n<p>Brasseurs de bi\u00e8res artisanales<\/p>\n\n\n\n<figure class=\"wp-block-image size-full\"><img loading=\"lazy\" decoding=\"async\" width=\"511\" height=\"514\" src=\"https:\/\/lenapoleon-nice.fr\/wp-content\/uploads\/2024\/07\/brasserie-berroise.jpg\" alt=\"\" class=\"wp-image-75\" srcset=\"https:\/\/lenapoleon-nice.fr\/wp-content\/uploads\/2024\/07\/brasserie-berroise.jpg 511w, https:\/\/lenapoleon-nice.fr\/wp-content\/uploads\/2024\/07\/brasserie-berroise-298x300.jpg 298w, https:\/\/lenapoleon-nice.fr\/wp-content\/uploads\/2024\/07\/brasserie-berroise-150x150.jpg 150w, https:\/\/lenapoleon-nice.fr\/wp-content\/uploads\/2024\/07\/brasserie-berroise-300x302.jpg 300w\" sizes=\"(max-width: 511px) 100vw, 511px\" \/><\/figure>\n\n\n\n<p>La Brasserie Berroise&nbsp;est install\u00e9e depuis 2017 au village de&nbsp;<a href=\"https:\/\/www.berrelesalpes.fr\/\" target=\"_blank\" rel=\"noreferrer noopener\">Berre les Alpes<\/a>, situ\u00e9 \u00e0 25km de&nbsp;Nice.<\/p>\n\n\n\n<p>Estelle et Laurent brassent de la&nbsp;bi\u00e8re 100% artisanale,&nbsp;sans additif, sans colorant, ni conservateur. Ils ont cr\u00e9e une gamme de bi\u00e8re de caract\u00e8re, la&nbsp;Victorine,&nbsp;qu\u2019ils d\u00e9clinent en plusieurs couleurs.<\/p>\n\n\n\n<p>\u201cMes grands-parents maternels&nbsp;\u00e9taient des personnes avec de forts caract\u00e8res. Ils se sont connus dans un<strong>&nbsp;<\/strong>cin\u00e9ma ni\u00e7ois<strong>&nbsp;<\/strong>durant la 2nde guerre mondiale et se sont mari\u00e9s peu de temps apr\u00e8s. Ils ont v\u00e9cu simplement mais dignement dans leur conciergerie sur l\u2019ancienne&nbsp;Avenue de la Victoire&nbsp;\u00e0 Nice, aujourd\u2019hui appel\u00e9e Avenue Jean M\u00e9decin.<br>Mon grand-p\u00e8re, qui aimait se faire appeler&nbsp;Bob, a longtemps travaill\u00e9 aux&nbsp;Studios de la Victorine&nbsp;\u00e0 Nice et a notamment jou\u00e9 dans des films tels que \u201cDieu cr\u00e9a la femme\u201d et \u201cLa nuit am\u00e9ricaine\u201d. C\u2019\u00e9tait un passionn\u00e9 de grands \u00e9crans.<br>Ma grand-m\u00e8re&nbsp;s\u2019appelait&nbsp;Victoria.&nbsp;Handicap\u00e9e&nbsp;depuis ses cinq ans \u00e0 cause d\u2019un&nbsp;grave accident de car, elle a d\u00fb faire preuve de courage et de t\u00e9nacit\u00e9 pour endurer les cinq ann\u00e9es d\u2019h\u00f4pital qui suivirent. Gr\u00e2ce \u00e0 sa&nbsp;volont\u00e9 de fer, elle a pu mener une vie normale, et avoir deux belles filles et un fils.&nbsp;Femme de caract\u00e8re, qui travailla toute sa vie pour offrir une vie digne \u00e0 sa famille, elle tirait l\u2019aiguille dans de&nbsp;grands ateliers de couture ni\u00e7ois.<\/p>\n\n\n\n<p>Elle finit sa vie \u00e0 l\u2019\u00e2ge de&nbsp;94 ans, entour\u00e9e&nbsp;de ses enfants et de ses petits-enfants&nbsp;apr\u00e8s avoir connu 17 longues ann\u00e9es de veuvage. Son mari qui&nbsp;\u00e9tait l\u2019Amour de sa vie, la surnommait \u201cFourmi\u201d.<\/p>\n\n\n\n<p>Cette femme avec une force de vie incroyable, un courage \u00e0 toute \u00e9preuve et son mari passionn\u00e9 de cin\u00e9ma, nous ne pouvions que leur&nbsp;rendre hommage.&nbsp;<br><strong>C\u2019est pourquoi,&nbsp;la gamme Victorine est n\u00e9e!<\/strong>\u201c<\/p>\n\n\n\n<div style=\"height:41px\" aria-hidden=\"true\" class=\"wp-block-spacer\"><\/div>\n\n\n\n<p><strong><a href=\"https:\/\/www.distillerie-cazottes.com\/\" data-type=\"link\" data-id=\"https:\/\/www.distillerie-cazottes.com\/\">LAURENT CAZOTTES<\/a><\/strong><\/p>\n\n\n\n<p>Distillerie artisanale Cazottes<\/p>\n\n\n\n<figure class=\"wp-block-image size-full\"><img loading=\"lazy\" decoding=\"async\" width=\"500\" height=\"343\" src=\"https:\/\/lenapoleon-nice.fr\/wp-content\/uploads\/2024\/07\/laurent-cazottes.jpg\" alt=\"\" class=\"wp-image-77\" srcset=\"https:\/\/lenapoleon-nice.fr\/wp-content\/uploads\/2024\/07\/laurent-cazottes.jpg 500w, https:\/\/lenapoleon-nice.fr\/wp-content\/uploads\/2024\/07\/laurent-cazottes-300x206.jpg 300w\" sizes=\"(max-width: 500px) 100vw, 500px\" \/><\/figure>\n\n\n\n<p>V\u00e9ritable aventurier du go\u00fbt naturel, Laurent Cazottes exprime la quintessence des fruits et des fleurs qu\u2019il cueille dans un terroir cultiv\u00e9 en agriculture biologique, sous mention&nbsp;<a href=\"https:\/\/www.natureetprogres.org\/\" target=\"_blank\" rel=\"noreferrer noopener\">Nature &amp; Progr\u00e8s<\/a>&nbsp;et avec des pratiques en Biodynamie.<\/p>\n\n\n\n<p>A partir d\u2019un travail titanesque enti\u00e8rement fait \u00e0 la main, les sp\u00e9cialit\u00e9s issues du Domaine CAZOTTES ont retenu l\u2019attention des plus grands chefs, pour leur parfum et leur go\u00fbt authentiquement pur.<\/p>\n\n\n\n<p>\u201cH\u00e9ritier d\u2019un savoir-faire de bouilleur ambulant, je cherche, dans le travail de mes spiritueux, \u00e0 allier tradition et respect de la nature afin de produire la meilleure qualit\u00e9 possible. L\u2019alliance de ce savoir-faire ancestral et d\u2019une approche moderne dans un environnement biologique permet \u00e0 mes eaux de vie, ap\u00e9ritifs et liqueurs d\u2019exprimer la quintessence des ar\u00f4mes propres aux fruits ou fleurs dont ils sont issus.\u201d<\/p>\n\n\n\n<div style=\"height:44px\" aria-hidden=\"true\" class=\"wp-block-spacer\"><\/div>\n\n\n\n<p><strong><a href=\"http:\/\/www.latabledeslutins.com\/\" data-type=\"link\" data-id=\"http:\/\/www.latabledeslutins.com\/\">MANUEL LARRAUX<\/a><\/strong><\/p>\n\n\n\n<p>La Table des Lutins \u2013 Nectars de fruits<\/p>\n\n\n\n<figure class=\"wp-block-image size-full is-resized\"><img loading=\"lazy\" decoding=\"async\" width=\"878\" height=\"626\" src=\"https:\/\/lenapoleon-nice.fr\/wp-content\/uploads\/2024\/07\/manuel-larraux-la-table-des-lutins.png\" alt=\"\" class=\"wp-image-79\" style=\"width:528px;height:auto\" srcset=\"https:\/\/lenapoleon-nice.fr\/wp-content\/uploads\/2024\/07\/manuel-larraux-la-table-des-lutins.png 878w, https:\/\/lenapoleon-nice.fr\/wp-content\/uploads\/2024\/07\/manuel-larraux-la-table-des-lutins-300x214.png 300w, https:\/\/lenapoleon-nice.fr\/wp-content\/uploads\/2024\/07\/manuel-larraux-la-table-des-lutins-768x548.png 768w, https:\/\/lenapoleon-nice.fr\/wp-content\/uploads\/2024\/07\/manuel-larraux-la-table-des-lutins-600x428.png 600w\" sizes=\"(max-width: 878px) 100vw, 878px\" \/><\/figure>\n\n\n\n<p>Nectars de fruits fabriqu\u00e9s en Provence de fa\u00e7on artisanale, avec de l\u2019eau filtr\u00e9e et dynamis\u00e9e, sans acide ascorbique ni conservateurs, et conformes au cahier des charges \u201cNature &amp; Progr\u00e8s\u201d.<\/p>\n\n\n\n<p>\u201cMon travail repose sur quelques principes fondamentaux :<\/p>\n\n\n\n<ul class=\"wp-block-list\">\n<li>la recherche de fruits \u00e0 proximit\u00e9, cultiv\u00e9s en biodynamie, ou \u00e0 d\u00e9faut non trait\u00e9s, dont j\u2019effectue la cueillette moi-m\u00eame chaque fois que cela est possible,<\/li>\n\n\n\n<li>des cuissons \u00e0 feu doux dans un chaudron en cuivre, par toutes petites quantit\u00e9s,<\/li>\n\n\n\n<li>du sucre de canne bio, uniquement en tant qu\u2019exhausteur de go\u00fbt, ou pour \u00e9quilibrer la sensation d\u2019acidit\u00e9, donc toujours le moins possible,<\/li>\n\n\n\n<li>l\u2019utilisation du calendrier lunaire, tant pour les cueillettes de plantes sauvages que pour l\u2019\u00e9laboration et la mise en bouteille des jus de fruits.<\/li>\n\n\n\n<li>les fruits sont s\u00e9ch\u00e9s \u00e0 basse temp\u00e9rature pour garder tous les nutriments.<\/li>\n<\/ul>\n\n\n\n<p><br>Mon intention n\u2019est pas de r\u00e9pondre avec opportunisme \u00e0 l\u2019engouement pour les produits naturels.<\/p>\n\n\n\n<p>Ma d\u00e9marche est \u00e9thique, le but \u00e9tant un produit fini d\u2019exception.<\/p>\n\n\n\n<p>Les associations fruits-plantes sont le r\u00e9sultat d\u2019une v\u00e9ritable r\u00e9flexion.\u201d<\/p>\n","protected":false},"excerpt":{"rendered":"<p>Le savoir-faire, l\u2019excellence, le respect du produit et de la nature\u2026. c\u2019est par ici! JEAN-CHARLES ORSO Mara\u00eecher Bio De rugbyman international \u00e0 mara\u00eecher bio Dans une r\u00e9gion o\u00f9 les immeubles poussent comme des champignons, Jean-Charles Orso, lui, fait pousser des l\u00e9gumes. \u00c0 Cannes, sur le domaine familial qu\u2019il exploite depuis le d\u00e9but des ann\u00e9es 80. [&hellip;]<\/p>\n","protected":false},"author":1,"featured_media":0,"parent":0,"menu_order":0,"comment_status":"closed","ping_status":"closed","template":"","meta":{"footnotes":""},"class_list":["post-29","page","type-page","status-publish","hentry","entry"],"_links":{"self":[{"href":"https:\/\/lenapoleon-nice.fr\/index.php\/wp-json\/wp\/v2\/pages\/29","targetHints":{"allow":["GET"]}}],"collection":[{"href":"https:\/\/lenapoleon-nice.fr\/index.php\/wp-json\/wp\/v2\/pages"}],"about":[{"href":"https:\/\/lenapoleon-nice.fr\/index.php\/wp-json\/wp\/v2\/types\/page"}],"author":[{"embeddable":true,"href":"https:\/\/lenapoleon-nice.fr\/index.php\/wp-json\/wp\/v2\/users\/1"}],"replies":[{"embeddable":true,"href":"https:\/\/lenapoleon-nice.fr\/index.php\/wp-json\/wp\/v2\/comments?post=29"}],"version-history":[{"count":18,"href":"https:\/\/lenapoleon-nice.fr\/index.php\/wp-json\/wp\/v2\/pages\/29\/revisions"}],"predecessor-version":[{"id":162,"href":"https:\/\/lenapoleon-nice.fr\/index.php\/wp-json\/wp\/v2\/pages\/29\/revisions\/162"}],"wp:attachment":[{"href":"https:\/\/lenapoleon-nice.fr\/index.php\/wp-json\/wp\/v2\/media?parent=29"}],"curies":[{"name":"wp","href":"https:\/\/api.w.org\/{rel}","templated":true}]}}